{"id":249,"date":"2022-11-24T23:09:08","date_gmt":"2022-11-24T23:09:08","guid":{"rendered":"https:\/\/salehavocats.com\/?page_id=249"},"modified":"2023-01-12T01:05:17","modified_gmt":"2023-01-12T01:05:17","slug":"le-cabinet-saleh-avocats","status":"publish","type":"page","link":"https:\/\/salehavocats.com\/index.php\/le-cabinet-saleh-avocats\/","title":{"rendered":"LE CABINET SALEH AVOCATS"},"content":{"rendered":"\t\t<div data-elementor-type=\"wp-page\" data-elementor-id=\"249\" class=\"elementor elementor-249\">\n\t\t\t\t\t\t<section class=\"elementor-section elementor-top-section elementor-element elementor-element-8794944 elementor-section-boxed elementor-section-height-default elementor-section-height-default\" data-id=\"8794944\" data-element_type=\"section\" data-e-type=\"section\">\n\t\t\t\t\t\t<div class=\"elementor-container elementor-column-gap-default\">\n\t\t\t\t\t<div class=\"elementor-column elementor-col-100 elementor-top-column elementor-element elementor-element-7b4ead9\" data-id=\"7b4ead9\" data-element_type=\"column\" data-e-type=\"column\">\n\t\t\t<div class=\"elementor-widget-wrap elementor-element-populated\">\n\t\t\t\t\t\t<div class=\"elementor-element elementor-element-b967e91 elementor-widget elementor-widget-heading\" data-id=\"b967e91\" data-element_type=\"widget\" data-e-type=\"widget\" data-widget_type=\"heading.default\">\n\t\t\t\t<div class=\"elementor-widget-container\">\n\t\t\t\t\t<h2 class=\"elementor-heading-title elementor-size-default\">Cabinet Saleh Avocats<\/h2>\t\t\t\t<\/div>\n\t\t\t\t<\/div>\n\t\t\t\t\t<\/div>\n\t\t<\/div>\n\t\t\t\t\t<\/div>\n\t\t<\/section>\n\t\t\t\t<section class=\"elementor-section elementor-top-section elementor-element elementor-element-719f5c5a elementor-section-content-middle elementor-reverse-mobile elementor-section-boxed elementor-section-height-default elementor-section-height-default\" data-id=\"719f5c5a\" data-element_type=\"section\" data-e-type=\"section\">\n\t\t\t\t\t\t<div class=\"elementor-container elementor-column-gap-no\">\n\t\t\t\t\t<div class=\"elementor-column elementor-col-50 elementor-top-column elementor-element elementor-element-3de81132\" data-id=\"3de81132\" data-element_type=\"column\" data-e-type=\"column\">\n\t\t\t<div class=\"elementor-widget-wrap elementor-element-populated\">\n\t\t\t\t\t\t<div class=\"elementor-element elementor-element-56ccef99 elementor-widget elementor-widget-heading\" data-id=\"56ccef99\" data-element_type=\"widget\" data-e-type=\"widget\" data-widget_type=\"heading.default\">\n\t\t\t\t<div class=\"elementor-widget-container\">\n\t\t\t\t\t<h4 class=\"elementor-heading-title elementor-size-default\">Notre mission<\/h4>\t\t\t\t<\/div>\n\t\t\t\t<\/div>\n\t\t\t\t<div class=\"elementor-element elementor-element-3d251cba elementor-widget elementor-widget-text-editor\" data-id=\"3d251cba\" data-element_type=\"widget\" data-e-type=\"widget\" data-widget_type=\"text-editor.default\">\n\t\t\t\t<div class=\"elementor-widget-container\">\n\t\t\t\t\t\t\t\t\t<p>Tout au long de votre parcours business vous avez besoin de gens utiles, fiables, efficaces, flexibles et professionnels.<br \/>Le cabinet d\u2019avocats Saleh vous permets de r\u00e9aliser cette finalit\u00e9 avec un suivi rapproch\u00e9 b2b et b2c, ainsi qu\u2019un conseil juridique g\u00e9n\u00e9reux et transparent.<br \/>Le cabinet d\u2019avocats Saleh vous permets d\u2019avoir le choix d\u2019un service juridique soit au cas par cas selon vos besoins, soit en convention, collaboration ou m\u00eame en partenariat.<br \/>L\u2019exp\u00e9rience de nos \u00e9quipes est un \u00e9l\u00e9ment primordial pour un bon accompagnement, vu qu\u2019on est membre de plusieurs entit\u00e9s locales, continentales et internationales notamment la CIMEDA (Cour Internationale de m\u00e9diation et d&rsquo;Arbitrage) la CAMAT(Cour Africaine d&rsquo;Arbitrage) ou la banque mondiale.<br \/>La diversit\u00e9 des profils au sein du cabinet Saleh vous permet de profiter d\u2019une vue d\u2019ensemble et d\u2019un traitement pointu des cas.<br \/>On est aussi int\u00e9ress\u00e9 par le volet juridique du sport \u00e9tant donn\u00e9 qu\u2019on est Certifi\u00e9 agent sportif d\u2019une universit\u00e9 bien class\u00e9e dans la liste des universit\u00e9s dans le monde.<\/p>\t\t\t\t\t\t\t\t<\/div>\n\t\t\t\t<\/div>\n\t\t\t\t\t<\/div>\n\t\t<\/div>\n\t\t\t\t<div class=\"elementor-column elementor-col-50 elementor-top-column elementor-element elementor-element-4eeaadb9\" data-id=\"4eeaadb9\" data-element_type=\"column\" data-e-type=\"column\">\n\t\t\t<div class=\"elementor-widget-wrap elementor-element-populated\">\n\t\t\t\t\t\t<div class=\"elementor-element elementor-element-5a1cbdb4 elementor-widget elementor-widget-image\" data-id=\"5a1cbdb4\" data-element_type=\"widget\" data-e-type=\"widget\" data-widget_type=\"image.default\">\n\t\t\t\t<div class=\"elementor-widget-container\">\n\t\t\t\t\t\t\t\t\t\t\t\t\t\t\t<img fetchpriority=\"high\" decoding=\"async\" width=\"1200\" height=\"544\" src=\"https:\/\/salehavocats.com\/wp-content\/uploads\/2023\/01\/avocats-saleh-cabinet.jpeg\" class=\"attachment-full size-full wp-image-466\" alt=\"\" srcset=\"https:\/\/salehavocats.com\/wp-content\/uploads\/2023\/01\/avocats-saleh-cabinet.jpeg 1200w, https:\/\/salehavocats.com\/wp-content\/uploads\/2023\/01\/avocats-saleh-cabinet-300x136.jpeg 300w, https:\/\/salehavocats.com\/wp-content\/uploads\/2023\/01\/avocats-saleh-cabinet-1024x464.jpeg 1024w, https:\/\/salehavocats.com\/wp-content\/uploads\/2023\/01\/avocats-saleh-cabinet-768x348.jpeg 768w\" sizes=\"(max-width: 1200px) 100vw, 1200px\" style=\"width:100%;height:45.33%;max-width:1200px\" \/>\t\t\t\t\t\t\t\t\t\t\t\t\t\t\t<\/div>\n\t\t\t\t<\/div>\n\t\t\t\t\t<\/div>\n\t\t<\/div>\n\t\t\t\t\t<\/div>\n\t\t<\/section>\n\t\t\t\t<\/div>\n\t\t","protected":false},"excerpt":{"rendered":"<p>Cabinet Saleh Avocats Notre mission Tout au long de votre parcours business vous avez besoin de gens utiles, fiables, efficaces, flexibles et professionnels.Le cabinet d\u2019avocats Saleh vous permets de r\u00e9aliser cette finalit\u00e9 avec un suivi rapproch\u00e9 b2b et b2c, ainsi qu\u2019un conseil juridique g\u00e9n\u00e9reux et transparent.Le cabinet d\u2019avocats Saleh vous permets d\u2019avoir le choix d\u2019un&hellip; <a class=\"more-link\" href=\"https:\/\/salehavocats.com\/index.php\/le-cabinet-saleh-avocats\/\">Poursuivre la lecture <span class=\"screen-reader-text\">LE CABINET SALEH AVOCATS<\/span><\/a><\/p>\n","protected":false},"author":1,"featured_media":0,"parent":0,"menu_order":0,"comment_status":"closed","ping_status":"closed","template":"elementor_header_footer","meta":{"footnotes":""},"class_list":["post-249","page","type-page","status-publish","hentry","entry"],"yoast_head":"<!-- This site is optimized with the Yoast SEO plugin v27.4 - https:\/\/yoast.com\/product\/yoast-seo-wordpress\/ -->\n<title>LE CABINET SALEH AVOCATS - SALEH AVOCATS<\/title>\n<meta name=\"robots\" content=\"index, follow, max-snippet:-1, max-image-preview:large, max-video-preview:-1\" \/>\n<link rel=\"canonical\" href=\"https:\/\/salehavocats.com\/index.php\/le-cabinet-saleh-avocats\/\" \/>\n<meta property=\"og:locale\" content=\"fr_FR\" \/>\n<meta property=\"og:type\" content=\"article\" \/>\n<meta property=\"og:title\" content=\"LE CABINET SALEH AVOCATS - SALEH AVOCATS\" \/>\n<meta property=\"og:description\" content=\"Cabinet Saleh Avocats Notre mission Tout au long de votre parcours business vous avez besoin de gens utiles, fiables, efficaces, flexibles et professionnels.Le cabinet d\u2019avocats Saleh vous permets de r\u00e9aliser cette finalit\u00e9 avec un suivi rapproch\u00e9 b2b et b2c, ainsi qu\u2019un conseil juridique g\u00e9n\u00e9reux et transparent.Le cabinet d\u2019avocats Saleh vous permets d\u2019avoir le choix d\u2019un&hellip; Poursuivre la lecture LE CABINET SALEH AVOCATS\" \/>\n<meta property=\"og:url\" content=\"https:\/\/salehavocats.com\/index.php\/le-cabinet-saleh-avocats\/\" \/>\n<meta property=\"og:site_name\" content=\"SALEH AVOCATS\" \/>\n<meta property=\"article:modified_time\" content=\"2023-01-12T01:05:17+00:00\" \/>\n<meta property=\"og:image\" content=\"https:\/\/salehavocats.com\/wp-content\/uploads\/2023\/01\/avocats-saleh-cabinet.jpeg\" \/>\n<meta name=\"twitter:card\" content=\"summary_large_image\" \/>\n<meta name=\"twitter:label1\" content=\"Dur\u00e9e de lecture estim\u00e9e\" \/>\n\t<meta name=\"twitter:data1\" content=\"2 minutes\" \/>\n<script type=\"application\/ld+json\" class=\"yoast-schema-graph\">{\"@context\":\"https:\\\/\\\/schema.org\",\"@graph\":[{\"@type\":\"WebPage\",\"@id\":\"https:\\\/\\\/salehavocats.com\\\/index.php\\\/le-cabinet-saleh-avocats\\\/\",\"url\":\"https:\\\/\\\/salehavocats.com\\\/index.php\\\/le-cabinet-saleh-avocats\\\/\",\"name\":\"LE CABINET SALEH AVOCATS - SALEH AVOCATS\",\"isPartOf\":{\"@id\":\"https:\\\/\\\/salehavocats.com\\\/#website\"},\"primaryImageOfPage\":{\"@id\":\"https:\\\/\\\/salehavocats.com\\\/index.php\\\/le-cabinet-saleh-avocats\\\/#primaryimage\"},\"image\":{\"@id\":\"https:\\\/\\\/salehavocats.com\\\/index.php\\\/le-cabinet-saleh-avocats\\\/#primaryimage\"},\"thumbnailUrl\":\"https:\\\/\\\/salehavocats.com\\\/wp-content\\\/uploads\\\/2023\\\/01\\\/avocats-saleh-cabinet.jpeg\",\"datePublished\":\"2022-11-24T23:09:08+00:00\",\"dateModified\":\"2023-01-12T01:05:17+00:00\",\"breadcrumb\":{\"@id\":\"https:\\\/\\\/salehavocats.com\\\/index.php\\\/le-cabinet-saleh-avocats\\\/#breadcrumb\"},\"inLanguage\":\"fr-FR\",\"potentialAction\":[{\"@type\":\"ReadAction\",\"target\":[\"https:\\\/\\\/salehavocats.com\\\/index.php\\\/le-cabinet-saleh-avocats\\\/\"]}]},{\"@type\":\"ImageObject\",\"inLanguage\":\"fr-FR\",\"@id\":\"https:\\\/\\\/salehavocats.com\\\/index.php\\\/le-cabinet-saleh-avocats\\\/#primaryimage\",\"url\":\"https:\\\/\\\/salehavocats.com\\\/wp-content\\\/uploads\\\/2023\\\/01\\\/avocats-saleh-cabinet.jpeg\",\"contentUrl\":\"https:\\\/\\\/salehavocats.com\\\/wp-content\\\/uploads\\\/2023\\\/01\\\/avocats-saleh-cabinet.jpeg\",\"width\":1200,\"height\":544},{\"@type\":\"BreadcrumbList\",\"@id\":\"https:\\\/\\\/salehavocats.com\\\/index.php\\\/le-cabinet-saleh-avocats\\\/#breadcrumb\",\"itemListElement\":[{\"@type\":\"ListItem\",\"position\":1,\"name\":\"Home\",\"item\":\"https:\\\/\\\/salehavocats.com\\\/\"},{\"@type\":\"ListItem\",\"position\":2,\"name\":\"LE CABINET SALEH AVOCATS\"}]},{\"@type\":\"WebSite\",\"@id\":\"https:\\\/\\\/salehavocats.com\\\/#website\",\"url\":\"https:\\\/\\\/salehavocats.com\\\/\",\"name\":\"SALEH AVOCATS\",\"description\":\"Pour le meilleur et pour le pire \",\"publisher\":{\"@id\":\"https:\\\/\\\/salehavocats.com\\\/#organization\"},\"potentialAction\":[{\"@type\":\"SearchAction\",\"target\":{\"@type\":\"EntryPoint\",\"urlTemplate\":\"https:\\\/\\\/salehavocats.com\\\/?s={search_term_string}\"},\"query-input\":{\"@type\":\"PropertyValueSpecification\",\"valueRequired\":true,\"valueName\":\"search_term_string\"}}],\"inLanguage\":\"fr-FR\"},{\"@type\":\"Organization\",\"@id\":\"https:\\\/\\\/salehavocats.com\\\/#organization\",\"name\":\"SALEH AVOCATS\",\"url\":\"https:\\\/\\\/salehavocats.com\\\/\",\"logo\":{\"@type\":\"ImageObject\",\"inLanguage\":\"fr-FR\",\"@id\":\"https:\\\/\\\/salehavocats.com\\\/#\\\/schema\\\/logo\\\/image\\\/\",\"url\":\"https:\\\/\\\/salehavocats.com\\\/wp-content\\\/uploads\\\/2022\\\/11\\\/cropped-saleh-.png\",\"contentUrl\":\"https:\\\/\\\/salehavocats.com\\\/wp-content\\\/uploads\\\/2022\\\/11\\\/cropped-saleh-.png\",\"width\":4433,\"height\":2026,\"caption\":\"SALEH AVOCATS\"},\"image\":{\"@id\":\"https:\\\/\\\/salehavocats.com\\\/#\\\/schema\\\/logo\\\/image\\\/\"}}]}<\/script>\n<!-- \/ Yoast SEO plugin. -->","yoast_head_json":{"title":"LE CABINET SALEH AVOCATS - SALEH AVOCATS","robots":{"index":"index","follow":"follow","max-snippet":"max-snippet:-1","max-image-preview":"max-image-preview:large","max-video-preview":"max-video-preview:-1"},"canonical":"https:\/\/salehavocats.com\/index.php\/le-cabinet-saleh-avocats\/","og_locale":"fr_FR","og_type":"article","og_title":"LE CABINET SALEH AVOCATS - SALEH AVOCATS","og_description":"Cabinet Saleh Avocats Notre mission Tout au long de votre parcours business vous avez besoin de gens utiles, fiables, efficaces, flexibles et professionnels.Le cabinet d\u2019avocats Saleh vous permets de r\u00e9aliser cette finalit\u00e9 avec un suivi rapproch\u00e9 b2b et b2c, ainsi qu\u2019un conseil juridique g\u00e9n\u00e9reux et transparent.Le cabinet d\u2019avocats Saleh vous permets d\u2019avoir le choix d\u2019un&hellip; Poursuivre la lecture LE CABINET SALEH AVOCATS","og_url":"https:\/\/salehavocats.com\/index.php\/le-cabinet-saleh-avocats\/","og_site_name":"SALEH AVOCATS","article_modified_time":"2023-01-12T01:05:17+00:00","og_image":[{"url":"https:\/\/salehavocats.com\/wp-content\/uploads\/2023\/01\/avocats-saleh-cabinet.jpeg","type":"","width":"","height":""}],"twitter_card":"summary_large_image","twitter_misc":{"Dur\u00e9e de lecture estim\u00e9e":"2 minutes"},"schema":{"@context":"https:\/\/schema.org","@graph":[{"@type":"WebPage","@id":"https:\/\/salehavocats.com\/index.php\/le-cabinet-saleh-avocats\/","url":"https:\/\/salehavocats.com\/index.php\/le-cabinet-saleh-avocats\/","name":"LE CABINET SALEH AVOCATS - SALEH AVOCATS","isPartOf":{"@id":"https:\/\/salehavocats.com\/#website"},"primaryImageOfPage":{"@id":"https:\/\/salehavocats.com\/index.php\/le-cabinet-saleh-avocats\/#primaryimage"},"image":{"@id":"https:\/\/salehavocats.com\/index.php\/le-cabinet-saleh-avocats\/#primaryimage"},"thumbnailUrl":"https:\/\/salehavocats.com\/wp-content\/uploads\/2023\/01\/avocats-saleh-cabinet.jpeg","datePublished":"2022-11-24T23:09:08+00:00","dateModified":"2023-01-12T01:05:17+00:00","breadcrumb":{"@id":"https:\/\/salehavocats.com\/index.php\/le-cabinet-saleh-avocats\/#breadcrumb"},"inLanguage":"fr-FR","potentialAction":[{"@type":"ReadAction","target":["https:\/\/salehavocats.com\/index.php\/le-cabinet-saleh-avocats\/"]}]},{"@type":"ImageObject","inLanguage":"fr-FR","@id":"https:\/\/salehavocats.com\/index.php\/le-cabinet-saleh-avocats\/#primaryimage","url":"https:\/\/salehavocats.com\/wp-content\/uploads\/2023\/01\/avocats-saleh-cabinet.jpeg","contentUrl":"https:\/\/salehavocats.com\/wp-content\/uploads\/2023\/01\/avocats-saleh-cabinet.jpeg","width":1200,"height":544},{"@type":"BreadcrumbList","@id":"https:\/\/salehavocats.com\/index.php\/le-cabinet-saleh-avocats\/#breadcrumb","itemListElement":[{"@type":"ListItem","position":1,"name":"Home","item":"https:\/\/salehavocats.com\/"},{"@type":"ListItem","position":2,"name":"LE CABINET SALEH AVOCATS"}]},{"@type":"WebSite","@id":"https:\/\/salehavocats.com\/#website","url":"https:\/\/salehavocats.com\/","name":"SALEH AVOCATS","description":"Pour le meilleur et pour le pire ","publisher":{"@id":"https:\/\/salehavocats.com\/#organization"},"potentialAction":[{"@type":"SearchAction","target":{"@type":"EntryPoint","urlTemplate":"https:\/\/salehavocats.com\/?s={search_term_string}"},"query-input":{"@type":"PropertyValueSpecification","valueRequired":true,"valueName":"search_term_string"}}],"inLanguage":"fr-FR"},{"@type":"Organization","@id":"https:\/\/salehavocats.com\/#organization","name":"SALEH AVOCATS","url":"https:\/\/salehavocats.com\/","logo":{"@type":"ImageObject","inLanguage":"fr-FR","@id":"https:\/\/salehavocats.com\/#\/schema\/logo\/image\/","url":"https:\/\/salehavocats.com\/wp-content\/uploads\/2022\/11\/cropped-saleh-.png","contentUrl":"https:\/\/salehavocats.com\/wp-content\/uploads\/2022\/11\/cropped-saleh-.png","width":4433,"height":2026,"caption":"SALEH AVOCATS"},"image":{"@id":"https:\/\/salehavocats.com\/#\/schema\/logo\/image\/"}}]}},"_links":{"self":[{"href":"https:\/\/salehavocats.com\/index.php\/wp-json\/wp\/v2\/pages\/249","targetHints":{"allow":["GET"]}}],"collection":[{"href":"https:\/\/salehavocats.com\/index.php\/wp-json\/wp\/v2\/pages"}],"about":[{"href":"https:\/\/salehavocats.com\/index.php\/wp-json\/wp\/v2\/types\/page"}],"author":[{"embeddable":true,"href":"https:\/\/salehavocats.com\/index.php\/wp-json\/wp\/v2\/users\/1"}],"replies":[{"embeddable":true,"href":"https:\/\/salehavocats.com\/index.php\/wp-json\/wp\/v2\/comments?post=249"}],"version-history":[{"count":25,"href":"https:\/\/salehavocats.com\/index.php\/wp-json\/wp\/v2\/pages\/249\/revisions"}],"predecessor-version":[{"id":519,"href":"https:\/\/salehavocats.com\/index.php\/wp-json\/wp\/v2\/pages\/249\/revisions\/519"}],"wp:attachment":[{"href":"https:\/\/salehavocats.com\/index.php\/wp-json\/wp\/v2\/media?parent=249"}],"curies":[{"name":"wp","href":"https:\/\/api.w.org\/{rel}","templated":true}]}}